{"id":116,"date":"2012-11-28T16:23:57","date_gmt":"2012-11-28T07:23:57","guid":{"rendered":"https:\/\/ehime-hoiku.jp\/main\/?page_id=116"},"modified":"2021-03-23T13:03:14","modified_gmt":"2021-03-23T04:03:14","slug":"%e3%81%8a%e5%95%8f%e3%81%84%e5%90%88%e3%82%8f%e3%81%9b","status":"publish","type":"page","link":"https:\/\/ehime-hoiku.jp\/?page_id=116","title":{"rendered":"\u304a\u554f\u3044\u5408\u308f\u305b"},"content":{"rendered":"<h2 class=\"mrg_b25\"><img decoding=\"async\" src=\"https:\/\/ehime-hoiku.jp\/main\/wp-content\/themes\/boot\/img\/page\/pg_title_contact.svg\" alt=\"\u304a\u554f\u3044\u5408\u308f\u305b\" width=\"244\"\/><\/h2>\n<h3 class=\"mrg_b15\"><img decoding=\"async\" src=\"https:\/\/ehime-hoiku.jp\/main\/wp-content\/themes\/boot\/img\/page\/toi01_pc.png\" alt=\"\u96fb\u8a71\u3067\u306e\u304a\u554f\u3044\u5408\u308f\u305b\" class=\"img-responsive switch\"\/><\/h3>\n<p class=\"ue30\">\n<p><img decoding=\"async\" class=\"mrg_b15\" title=\"tel 089-921-8566\" src=\"https:\/\/ehime-hoiku.jp\/main\/wp-content\/themes\/boot\/img\/page\/toi_telno.gif\" alt=\"tel 089-921-8566\" \/><\/p>\n<h3 class=\"mrg_b15\"><img decoding=\"async\" src=\"https:\/\/ehime-hoiku.jp\/main\/wp-content\/themes\/boot\/img\/page\/toi02_pc.png\" alt=\"\u30e1\u30fc\u30eb\u30d5\u30a9\u30fc\u30e0\u3067\u306e\u304a\u554f\u3044\u5408\u308f\u305b\" class=\"img-responsive switch\"\/><\/h3>\n<p><strong>\u30e1\u30fc\u30eb\u30d5\u30a9\u30fc\u30e0\u3092\u3054\u5229\u7528\u524d\u306b\u3001\u5fc5\u305a\u6b21\u306e\u9805\u76ee\u3092\u304a\u8aad\u307f\u304f\u3060\u3055\u3044\u3002<\/strong><\/p>\n<ul class=\"contact_lst\">\n<li>\u3054\u8a18\u5165\u3044\u305f\u3060\u304f\u500b\u4eba\u60c5\u5831\u306e\u5229\u7528\u76ee\u7684\u306f\u3001\u304a\u554f\u3044\u5408\u308f\u305b\u306e\u5bfe\u5fdc\u306e\u307f\u306b\u9650\u5b9a\u81f4\u3057\u307e\u3059\u3002<\/li>\n<li>\u56de\u7b54\u306f\u53d7\u3051\u4ed8\u3051\u305f\u9806\u756a\u3067\u884c\u3044\u307e\u3059\u3002<\/li>\n<li>\u76f8\u8ac7\u5185\u5bb9\u306b\u3088\u3063\u3066\u306f\u8fd4\u4fe1\u306b\uff11\u9031\u9593\u307b\u3069\u304a\u6642\u9593\u3092\u3044\u305f\u3060\u304f\u5834\u5408\u304c\u3042\u308a\u307e\u3059\u3002<\/li>\n<li>\u5e74\u672b\u5e74\u59cb\u53ca\u3073\u571f\u65e5\u795d\u65e5\u306b\u53d7\u3051\u305f\u76f8\u8ac7\u306e\u8fd4\u4fe1\u306f\u3001\u4f11\u307f\u660e\u3051\u3068\u306a\u308a\u307e\u3059\u3002\u3054\u4e86\u627f\u304f\u3060\u3055\u3044\u3002<\/li>\n<li>3\u65e5\u7d4c\u3063\u3066\u3082\u8fd4\u4fe1\u304c\u306a\u3044\u5834\u5408\u306f\u3001\u304a\u96fb\u8a71\uff08089-921-8566\uff09\u3067\u3054\u9023\u7d61\u304f\u3060\u3055\u3044\u3002<\/li>\n<li>\u9001\u4fe1\u3044\u305f\u3060\u304f\u3068\u81ea\u52d5\u8fd4\u4fe1\u30e1\u30fc\u30eb\u304c\u9001\u3089\u308c\u307e\u3059\u3002\u30e1\u30fc\u30eb\u304c\u306a\u3044\u5834\u5408\u306f\u4ee5\u4e0b\u306e\u3053\u3068\u304c\u8003\u3048\u3089\u308c\u307e\u3059\u3002<\/li>\n<\/ul>\n<ol class=\"contact_lst\">\n<li>\u8a18\u8f09\u3057\u305f\u30e1\u30fc\u30eb\u30a2\u30c9\u30ec\u30b9\u304c\u9593\u9055\u3063\u3066\u3044\u308b\u5834\u5408<\/li>\n<li>\u8ff7\u60d1\u30e1\u30fc\u30eb\u3068\u3057\u3066\u6271\u308f\u308c\u3066\u3044\u308b\u5834\u5408<\/li>\n<li>\u3054\u4f7f\u7528\u306e\u30e1\u30fc\u30eb\u30b5\u30fc\u30d0\u30fc\u306e\u5bb9\u91cf\u304c\u4e00\u676f\u306b\u306a\u3063\u3066\u3044\u308b\u5834\u5408\u3001\u81ea\u52d5\u8fd4\u4fe1\u30e1\u30fc\u30eb\u304c\u78ba\u8a8d\u3067\u304d\u306a\u3044\u5834\u5408\u306f\u518d\u5ea6\u3054\u8a18\u5165\u3044\u305f\u3060\u304f\u304b\u3001\u304a\u96fb\u8a71\u3067\u4e0a\u8a18\u306e\u756a\u53f7\u306b\u3054\u9023\u7d61\u304f\u3060\u3055\u3044\u3002<\/li>\n<\/ol>\n<p class=\"ue30\">\n\n<div class=\"wpcf7 no-js\" id=\"wpcf7-f98-o1\" lang=\"en-US\" dir=\"ltr\" data-wpcf7-id=\"98\">\n<div class=\"screen-reader-response\"><p role=\"status\" aria-live=\"polite\" aria-atomic=\"true\"><\/p> <ul><\/ul><\/div>\n<script type=\"text\/javascript\" charset=\"UTF-8\" src=\"https:\/\/zipaddr.github.io\/zipaddrx.js?v=1.42\"><\/script><script defer src=\"data:text\/javascript;base64,ZnVuY3Rpb24gemlwYWRkcl9vd25iKCl7WlAuZGxpPSctJztaUC53cD0nMSc7WlAudXZlcj0nNDg4MzQuOTkxOTAuNDI2MDInO1pQLnN5c2lkPSdDb250YWN0Rm9ybTcnO30=\"><\/script><script type=\"text\/javascript\" charset=\"UTF-8\" src=\"https:\/\/zipaddr.github.io\/contactform7.js\"><\/script><form action=\"\/index.php?rest_route=%2Fwp%2Fv2%2Fpages%2F116#wpcf7-f98-o1\" method=\"post\" class=\"wpcf7-form init\" aria-label=\"Contact form\" enctype=\"multipart\/form-data\" novalidate=\"novalidate\" data-status=\"init\">\n<fieldset class=\"hidden-fields-container\"><input type=\"hidden\" name=\"_wpcf7\" value=\"98\" \/><input type=\"hidden\" name=\"_wpcf7_version\" value=\"6.1.5\" \/><input type=\"hidden\" name=\"_wpcf7_locale\" value=\"en_US\" \/><input type=\"hidden\" name=\"_wpcf7_unit_tag\" value=\"wpcf7-f98-o1\" \/><input type=\"hidden\" name=\"_wpcf7_container_post\" value=\"0\" \/><input type=\"hidden\" name=\"_wpcf7_posted_data_hash\" value=\"\" \/>\n<\/fieldset>\n<table class=\"table table-bordered table-striped table-contactform7\">\n\t<tr>\n\t\t<th>\n\t\t\t<p><span class=\"required-contactform7\">\u5fc5\u9808<\/span><span class=\"title-contactform7\">\u304a\u540d\u524d<\/span>\n\t\t\t<\/p>\n\t\t<\/th>\n\t\t<td>\n\t\t\t<p><span class=\"wpcf7-form-control-wrap\" data-name=\"your-name\"><input size=\"40\" maxlength=\"400\" class=\"wpcf7-form-control wpcf7-text wpcf7-validates-as-required\" aria-required=\"true\" aria-invalid=\"false\" placeholder=\"\u4f8b\uff1a\u611b\u5a9b\u3000\u82b1\u5b50\" value=\"\" type=\"text\" name=\"your-name\" \/><\/span>\n\t\t\t<\/p>\n\t\t<\/td>\n\t<\/tr>\n\t<tr>\n\t\t<th>\n\t\t\t<p><span class=\"required-contactform7\">\u5fc5\u9808<\/span><span class=\"title-contactform7\">\u30d5\u30ea\u30ac\u30ca<\/span>\n\t\t\t<\/p>\n\t\t<\/th>\n\t\t<td>\n\t\t\t<p><span class=\"wpcf7-form-control-wrap\" data-name=\"furigana\"><input size=\"40\" maxlength=\"400\" class=\"wpcf7-form-control wpcf7-text wpcf7-validates-as-required\" aria-required=\"true\" aria-invalid=\"false\" placeholder=\"\u4f8b\uff1a\u30a8\u30d2\u30e1\u3000\u30cf\u30ca\u30b3\" value=\"\" type=\"text\" name=\"furigana\" \/><\/span>\n\t\t\t<\/p>\n\t\t<\/td>\n\t<\/tr>\n\t<tr>\n\t\t<th>\n\t\t\t<p><span class=\"required-contactform7\">\u5fc5\u9808<\/span><span class=\"title-contactform7\">\u30e1\u30fc\u30eb\u30a2\u30c9\u30ec\u30b9<\/span>\n\t\t\t<\/p>\n\t\t<\/th>\n\t\t<td>\n\t\t\t<p><span class=\"wpcf7-form-control-wrap\" data-name=\"your-email\"><input size=\"40\" maxlength=\"400\" class=\"wpcf7-form-control wpcf7-email wpcf7-validates-as-required wpcf7-text wpcf7-validates-as-email\" aria-required=\"true\" aria-invalid=\"false\" placeholder=\"\u4f8b\uff1a\u00d7\u00d7\u00d7@\u00d7\u00d7\u00d7.com\" value=\"\" type=\"email\" name=\"your-email\" \/><\/span>\n\t\t\t<\/p>\n\t\t<\/td>\n\t<\/tr>\n\t<tr>\n\t\t<th>\n\t\t\t<p><span class=\"title-contactform7\">\u9023\u7d61\u5148\u96fb\u8a71\u756a\u53f7<\/span>\n\t\t\t<\/p>\n\t\t<\/th>\n\t\t<td>\n\t\t\t<p><span class=\"wpcf7-form-control-wrap\" data-name=\"tel-484\"><input size=\"40\" maxlength=\"400\" class=\"wpcf7-form-control wpcf7-tel wpcf7-text wpcf7-validates-as-tel\" aria-invalid=\"false\" placeholder=\"\u4f8b\uff1a0899218566\" value=\"\" type=\"tel\" name=\"tel-484\" \/><\/span>\n\t\t\t<\/p>\n\t\t<\/td>\n\t<\/tr>\n\t<tr>\n\t\t<th>\n\t\t\t<p><span class=\"title-contactform7\">\u304a\u554f\u3044\u5408\u308f\u305b\u4ef6\u540d<\/span>\n\t\t\t<\/p>\n\t\t<\/th>\n\t\t<td>\n\t\t\t<p><span class=\"wpcf7-form-control-wrap\" data-name=\"your-subject\"><input size=\"40\" maxlength=\"400\" class=\"wpcf7-form-control wpcf7-text\" aria-invalid=\"false\" placeholder=\"\u4f8b\uff1a\u4fdd\u80b2\u306b\u3064\u3044\u3066\" value=\"\" type=\"text\" name=\"your-subject\" \/><\/span>\n\t\t\t<\/p>\n\t\t<\/td>\n\t<\/tr>\n\t<tr>\n\t\t<th>\n\t\t\t<p><span class=\"title-contactform7\">\u304a\u554f\u3044\u5408\u308f\u305b\u5185\u5bb9<\/span>\n\t\t\t<\/p>\n\t\t<\/th>\n\t\t<td class=\"message-100\">\n\t\t\t<p><span class=\"wpcf7-form-control-wrap\" data-name=\"your-message\"><textarea cols=\"40\" rows=\"10\" maxlength=\"2000\" class=\"wpcf7-form-control wpcf7-textarea\" aria-invalid=\"false\" placeholder=\"\u304a\u554f\u3044\u5408\u308f\u305b\u5185\u5bb9\" name=\"your-message\"><\/textarea><\/span>\n\t\t\t<\/p>\n\t\t<\/td>\n\t<\/tr>\n\t<tr>\n\t\t<th>\n\t\t\t<p><span class=\"title-contactform7\">\u30d5\u30a1\u30a4\u30eb\u6dfb\u4ed8<\/span>\n\t\t\t<\/p>\n\t\t<\/th>\n\t\t<td>\n\t\t\t<p><span class=\"wpcf7-form-control-wrap\" data-name=\"file-897\"><input size=\"40\" class=\"wpcf7-form-control wpcf7-file\" accept=\"audio\/*,video\/*,image\/*\" aria-invalid=\"false\" type=\"file\" name=\"file-897\" \/><\/span><span class=\"wpcf7-form-control-wrap\" data-name=\"file-333\"><input size=\"40\" class=\"wpcf7-form-control wpcf7-file\" accept=\"audio\/*,video\/*,image\/*\" aria-invalid=\"false\" type=\"file\" name=\"file-333\" \/><\/span>\n\t\t\t<\/p>\n\t\t<\/td>\n\t<\/tr>\n<\/table>\n<div class=\"wpcf7-turnstile cf-turnstile\" data-sitekey=\"0x4AAAAAACr6HJbIE9yn5UuL\" data-response-field-name=\"_wpcf7_turnstile_response\"><\/div>\n<p class=\"text-xs-center\"><input class=\"wpcf7-form-control wpcf7-submit has-spinner btn btn-success btn-lg\" type=\"submit\" value=\"\u9001\u4fe1\u3059\u308b\" \/>\n<\/p><p style=\"display: none !important;\" class=\"akismet-fields-container\" data-prefix=\"_wpcf7_ak_\"><label>&#916;<textarea name=\"_wpcf7_ak_hp_textarea\" cols=\"45\" rows=\"8\" maxlength=\"100\"><\/textarea><\/label><input type=\"hidden\" id=\"ak_js_1\" name=\"_wpcf7_ak_js\" value=\"9\"\/><script>document.getElementById( \"ak_js_1\" ).setAttribute( \"value\", ( new Date() ).getTime() );<\/script><\/p><div class=\"wpcf7-response-output\" aria-hidden=\"true\"><\/div>\n<\/form>\n<\/div>\n\n","protected":false},"excerpt":{"rendered":"<p>\u30e1\u30fc\u30eb\u30d5\u30a9\u30fc\u30e0\u3092\u3054\u5229\u7528\u524d\u306b\u3001\u5fc5\u305a\u6b21\u306e\u9805\u76ee\u3092\u304a\u8aad\u307f\u304f\u3060\u3055\u3044\u3002 \u3054\u8a18\u5165\u3044\u305f\u3060\u304f\u500b\u4eba\u60c5\u5831\u306e\u5229\u7528\u76ee\u7684\u306f\u3001\u304a\u554f\u3044\u5408\u308f\u305b\u306e\u5bfe\u5fdc\u306e\u307f\u306b\u9650\u5b9a\u81f4\u3057\u307e\u3059\u3002 \u56de\u7b54\u306f\u53d7\u3051\u4ed8\u3051\u305f\u9806\u756a\u3067\u884c\u3044\u307e\u3059\u3002 \u76f8\u8ac7\u5185\u5bb9\u306b\u3088\u3063\u3066\u306f\u8fd4\u4fe1\u306b\uff11\u9031\u9593\u307b\u3069\u304a\u6642\u9593\u3092\u3044\u305f\u3060\u304f [&hellip;]<\/p>\n","protected":false},"author":1,"featured_media":0,"parent":0,"menu_order":40,"comment_status":"closed","ping_status":"closed","template":"","meta":{"_acf_changed":false,"footnotes":""},"class_list":["post-116","page","type-page","status-publish","hentry"],"acf":[],"_links":{"self":[{"href":"https:\/\/ehime-hoiku.jp\/index.php?rest_route=\/wp\/v2\/pages\/116","targetHints":{"allow":["GET"]}}],"collection":[{"href":"https:\/\/ehime-hoiku.jp\/index.php?rest_route=\/wp\/v2\/pages"}],"about":[{"href":"https:\/\/ehime-hoiku.jp\/index.php?rest_route=\/wp\/v2\/types\/page"}],"author":[{"embeddable":true,"href":"https:\/\/ehime-hoiku.jp\/index.php?rest_route=\/wp\/v2\/users\/1"}],"replies":[{"embeddable":true,"href":"https:\/\/ehime-hoiku.jp\/index.php?rest_route=%2Fwp%2Fv2%2Fcomments&post=116"}],"version-history":[{"count":27,"href":"https:\/\/ehime-hoiku.jp\/index.php?rest_route=\/wp\/v2\/pages\/116\/revisions"}],"predecessor-version":[{"id":4320,"href":"https:\/\/ehime-hoiku.jp\/index.php?rest_route=\/wp\/v2\/pages\/116\/revisions\/4320"}],"wp:attachment":[{"href":"https:\/\/ehime-hoiku.jp\/index.php?rest_route=%2Fwp%2Fv2%2Fmedia&parent=116"}],"curies":[{"name":"wp","href":"https:\/\/api.w.org\/{rel}","templated":true}]}}